{"id":9,"date":"2025-10-06T14:06:22","date_gmt":"2025-10-06T14:06:22","guid":{"rendered":"https:\/\/artanja.ch\/?page_id=9"},"modified":"2025-10-10T17:34:35","modified_gmt":"2025-10-10T17:34:35","slug":"ueber-mich","status":"publish","type":"page","link":"https:\/\/artanja.ch\/?page_id=9","title":{"rendered":"\u00dcber mich"},"content":{"rendered":"<div class=\"wp-block-image wp-duotone-unset-1\">\n<figure class=\"aligncenter size-full is-resized\"><img loading=\"lazy\" decoding=\"async\" width=\"1920\" height=\"2560\" src=\"https:\/\/artanja.ch\/wp-content\/uploads\/2025\/10\/1111-scaled.jpg\" alt=\"\" class=\"wp-image-170\" style=\"width:313px;height:auto\" srcset=\"https:\/\/artanja.ch\/wp-content\/uploads\/2025\/10\/1111-scaled.jpg 1920w, https:\/\/artanja.ch\/wp-content\/uploads\/2025\/10\/1111-225x300.jpg 225w, https:\/\/artanja.ch\/wp-content\/uploads\/2025\/10\/1111-768x1024.jpg 768w, https:\/\/artanja.ch\/wp-content\/uploads\/2025\/10\/1111-1152x1536.jpg 1152w, https:\/\/artanja.ch\/wp-content\/uploads\/2025\/10\/1111-1536x2048.jpg 1536w\" sizes=\"auto, (max-width: 767px) 89vw, (max-width: 1000px) 54vw, (max-width: 1071px) 543px, 580px\" \/><\/figure>\n<\/div>\n\n\n<p class=\"has-text-align-center\"><mark style=\"background-color:rgba(0, 0, 0, 0);color:#86b2b2\" class=\"has-inline-color\">Tanja Jordi<\/mark><\/p>\n\n\n\n<p class=\"has-text-align-center\"><mark style=\"background-color:rgba(0, 0, 0, 0);color:#8a8a8a\" class=\"has-inline-color\">Ich erlebe Inspiration auf vielf\u00e4ltige Weise.&nbsp;<\/mark><mark style=\"background-color:rgba(0, 0, 0, 0);color:#86b2b2\" class=\"has-inline-color\"><br><br>Ob beim Malen von Bildern, beim Klavierspielen, beim Schreiben von Gedichten oder beim Entwickeln neuer Ideen \u2013 ich liebe es, meine Gedanken und Gef\u00fchle kreativ auszudr\u00fccken. Meine Denkweise ist offen und ideenreich, was mir erm\u00f6glicht, ungew\u00f6hnliche L\u00f6sungen zu finden und neue Wege zu gehen.&nbsp;<\/mark><\/p>\n\n\n\n<p class=\"has-text-align-center\"><mark style=\"background-color:rgba(0, 0, 0, 0);color:#8a8a8a\" class=\"has-inline-color\">Wenn ich kreativ t\u00e4tig bin, tauche ich in meine eigne Welt.&nbsp;<\/mark><br><mark style=\"background-color:rgba(0, 0, 0, 0);color:#86b2b2\" class=\"has-inline-color\"><br>F\u00fcr mich ist Kreativit\u00e4t ein wichtiger Teil meines Lebens, der mir Freude, Inspiration und die M\u00f6glichkeit gibt, meine Welt bunt und lebendig zu gestalten. Dort gibt es keine Grenzen. Unter dem Motto \u201ealles kann, nichts muss\u201c experimentiere und kreiere ich meine Werke und bilde mit verschiedenen Materialien Strukturen. Die Farben w\u00e4hle ich passend intuitiv und oft integriere ich in das Farbenspiel schwungvolle Schriften. <\/mark><\/p>\n\n\n\n<p class=\"has-text-align-center\"><mark style=\"background-color:rgba(0, 0, 0, 0);color:#8a8a8a\" class=\"has-inline-color\">Es stehen mir unendlich viele M\u00f6glichkeiten zur Verf\u00fcgung, um das Unaussprechliche zu visualisieren.<\/mark><\/p>\n\n\n\n<div class=\"wp-block-buttons is-content-justification-center is-layout-flex wp-container-core-buttons-is-layout-16018d1d wp-block-buttons-is-layout-flex\">\n<div class=\"wp-block-button\"><a class=\"wp-block-button__link has-text-align-center wp-element-button\" href=\"https:\/\/artanja.ch\/?page_id=11\"><mark style=\"background-color:rgba(0, 0, 0, 0);color:#86b2b2\" class=\"has-inline-color\">Kontaktformular<\/mark><\/a><\/div>\n<\/div>\n\n\n\n<p><\/p>\n","protected":false},"excerpt":{"rendered":"<p>Tanja Jordi Ich erlebe Inspiration auf vielf\u00e4ltige Weise.&nbsp; Ob beim Malen von Bildern, beim Klavierspielen, beim Schreiben von Gedichten oder beim Entwickeln neuer Ideen \u2013 ich liebe es, meine Gedanken und Gef\u00fchle kreativ auszudr\u00fccken. Meine Denkweise ist offen und ideenreich, was mir erm\u00f6glicht, ungew\u00f6hnliche L\u00f6sungen zu finden und neue Wege zu gehen.&nbsp; Wenn ich kreativ &hellip; <\/p>\n<p class=\"link-more\"><a href=\"https:\/\/artanja.ch\/?page_id=9\" class=\"more-link\"><span class=\"screen-reader-text\">\u201e\u00dcber mich\u201c<\/span> weiterlesen<\/a><\/p>\n","protected":false},"author":1,"featured_media":0,"parent":0,"menu_order":0,"comment_status":"closed","ping_status":"closed","template":"","meta":{"footnotes":""},"class_list":["post-9","page","type-page","status-publish","hentry"],"_links":{"self":[{"href":"https:\/\/artanja.ch\/index.php?rest_route=\/wp\/v2\/pages\/9","targetHints":{"allow":["GET"]}}],"collection":[{"href":"https:\/\/artanja.ch\/index.php?rest_route=\/wp\/v2\/pages"}],"about":[{"href":"https:\/\/artanja.ch\/index.php?rest_route=\/wp\/v2\/types\/page"}],"author":[{"embeddable":true,"href":"https:\/\/artanja.ch\/index.php?rest_route=\/wp\/v2\/users\/1"}],"replies":[{"embeddable":true,"href":"https:\/\/artanja.ch\/index.php?rest_route=%2Fwp%2Fv2%2Fcomments&post=9"}],"version-history":[{"count":12,"href":"https:\/\/artanja.ch\/index.php?rest_route=\/wp\/v2\/pages\/9\/revisions"}],"predecessor-version":[{"id":172,"href":"https:\/\/artanja.ch\/index.php?rest_route=\/wp\/v2\/pages\/9\/revisions\/172"}],"wp:attachment":[{"href":"https:\/\/artanja.ch\/index.php?rest_route=%2Fwp%2Fv2%2Fmedia&parent=9"}],"curies":[{"name":"wp","href":"https:\/\/api.w.org\/{rel}","templated":true}]}}