{"id":2,"date":"2025-10-06T09:17:00","date_gmt":"2025-10-06T09:17:00","guid":{"rendered":"https:\/\/artanja.ch\/?page_id=2"},"modified":"2025-10-10T14:36:50","modified_gmt":"2025-10-10T14:36:50","slug":"sample-page","status":"publish","type":"page","link":"https:\/\/artanja.ch\/","title":{"rendered":""},"content":{"rendered":"\n<h2 class=\"wp-block-heading has-text-align-center\"><mark style=\"background-color:rgba(0, 0, 0, 0);color:#86b2b2\" class=\"has-inline-color\">Willkommen in meiner Welt der Farben und Kreativit\u00e4t.<\/mark><\/h2>\n\n\n\n<p class=\"has-text-align-center\"><mark style=\"background-color:rgba(0, 0, 0, 0);color:#8a8a8a\" class=\"has-inline-color\">Sch\u00f6n, dass du den Weg zu meiner Website gefunden hast.<\/mark><\/p>\n\n\n\n<p class=\"has-text-align-center\"><mark style=\"background-color:rgba(0, 0, 0, 0);color:#86b2b2\" class=\"has-inline-color\">Mit meinen Acrylbildern m\u00f6chte ich Emotionen wecken und die Sch\u00f6nheit des kreativen Ausdrucks teilen. Tauche ein in meine Welt und begleite mich auf meiner k\u00fcnstlerischen Reise!<\/mark><\/p>\n\n\n\n<div class=\"wp-block-buttons is-content-justification-center is-layout-flex wp-container-core-buttons-is-layout-16018d1d wp-block-buttons-is-layout-flex\">\n<div class=\"wp-block-button\"><a class=\"wp-block-button__link wp-element-button\" href=\"https:\/\/artanja.ch\/?page_id=13\"><mark style=\"background-color:rgba(0, 0, 0, 0);color:#86b2b2\" class=\"has-inline-color\">Galerie<\/mark><\/a><\/div>\n<\/div>\n\n\n\n<p><\/p>\n","protected":false},"excerpt":{"rendered":"<p>Willkommen in meiner Welt der Farben und Kreativit\u00e4t. Sch\u00f6n, dass du den Weg zu meiner Website gefunden hast. Mit meinen Acrylbildern m\u00f6chte ich Emotionen wecken und die Sch\u00f6nheit des kreativen Ausdrucks teilen. Tauche ein in meine Welt und begleite mich auf meiner k\u00fcnstlerischen Reise!<\/p>\n","protected":false},"author":1,"featured_media":118,"parent":0,"menu_order":0,"comment_status":"closed","ping_status":"open","template":"","meta":{"footnotes":""},"class_list":["post-2","page","type-page","status-publish","has-post-thumbnail","hentry"],"_links":{"self":[{"href":"https:\/\/artanja.ch\/index.php?rest_route=\/wp\/v2\/pages\/2","targetHints":{"allow":["GET"]}}],"collection":[{"href":"https:\/\/artanja.ch\/index.php?rest_route=\/wp\/v2\/pages"}],"about":[{"href":"https:\/\/artanja.ch\/index.php?rest_route=\/wp\/v2\/types\/page"}],"author":[{"embeddable":true,"href":"https:\/\/artanja.ch\/index.php?rest_route=\/wp\/v2\/users\/1"}],"replies":[{"embeddable":true,"href":"https:\/\/artanja.ch\/index.php?rest_route=%2Fwp%2Fv2%2Fcomments&post=2"}],"version-history":[{"count":26,"href":"https:\/\/artanja.ch\/index.php?rest_route=\/wp\/v2\/pages\/2\/revisions"}],"predecessor-version":[{"id":161,"href":"https:\/\/artanja.ch\/index.php?rest_route=\/wp\/v2\/pages\/2\/revisions\/161"}],"wp:featuredmedia":[{"embeddable":true,"href":"https:\/\/artanja.ch\/index.php?rest_route=\/wp\/v2\/media\/118"}],"wp:attachment":[{"href":"https:\/\/artanja.ch\/index.php?rest_route=%2Fwp%2Fv2%2Fmedia&parent=2"}],"curies":[{"name":"wp","href":"https:\/\/api.w.org\/{rel}","templated":true}]}}